{"id":730,"date":"2022-01-19T13:28:03","date_gmt":"2022-01-19T12:28:03","guid":{"rendered":"https:\/\/neidanconsulting.com\/?page_id=730"},"modified":"2026-04-08T09:38:20","modified_gmt":"2026-04-08T07:38:20","slug":"nos-formations","status":"publish","type":"page","link":"https:\/\/neidanconsulting.com\/index.php\/solutions\/nos-formations\/","title":{"rendered":"NOS FORMATIONS"},"content":{"rendered":"\n<h2 class=\"wp-block-heading\" id=\"des-solutions-formations-pour-ameliorer-votre-performance\">Des solutions formations sur mesure pour am\u00e9liorer votre performance<\/h2>\n\n\n\n<p><\/p>\n\n\n\n<p><\/p>\n\n\n\n<p><mark style=\"background-color:rgba(0, 0, 0, 0)\" class=\"has-inline-color has-vivid-purple-color\">N<strong>eidan Consulting<\/strong><\/mark> vous accompagne tout au long de votre projet, de la conception au d\u00e9ploiement de votre dispositif formation. <\/p>\n\n\n\n<p>Et parce que vos objectifs sont toujours ambitieux, <strong><span class=\"has-inline-color has-vivid-purple-color\">Neidan Consulting <\/span><\/strong>est pr\u00eate \u00e0 r\u00e9pondre \u00e0 vos probl\u00e9matiques les plus complexes pour am\u00e9liorer, dans la dur\u00e9e, la mont\u00e9e en comp\u00e9tences de chacun de vos collaborateurs.<\/p>\n\n\n\n<p><\/p>\n\n\n<div class=\"wp-block-image is-resized\">\n<figure class=\"aligncenter size-full\"><img loading=\"lazy\" decoding=\"async\" width=\"496\" height=\"407\" src=\"https:\/\/neidanconsulting.com\/wp-content\/uploads\/2022\/01\/video-cover2.jpg\" alt=\"\" class=\"wp-image-733\" srcset=\"https:\/\/neidanconsulting.com\/wp-content\/uploads\/2022\/01\/video-cover2.jpg 496w, https:\/\/neidanconsulting.com\/wp-content\/uploads\/2022\/01\/video-cover2-300x246.jpg 300w\" sizes=\"auto, (max-width: 496px) 100vw, 496px\" \/><\/figure>\n<\/div>\n\n\n<p><\/p>\n\n\n\n<p>La formation d\u2019un profil commercial peut int\u00e9grer des sujets techniques comme la prospection, la vente, la n\u00e9gociation et la relation client mais aussi des th\u00e9matiques plus sp\u00e9cifiques aux d\u00e9cideurs comme le management d\u2019\u00e9quipe ou l\u2019\u00e9laboration d\u2019une strat\u00e9gie commerciale.<\/p>\n\n\n\n<figure class=\"wp-block-image size-large\"><img loading=\"lazy\" decoding=\"async\" width=\"1024\" height=\"724\" src=\"https:\/\/neidanconsulting.com\/wp-content\/uploads\/2022\/01\/session-report-2020-09-15-1_Page_1-1024x724.jpg\" alt=\"\" class=\"wp-image-774\" srcset=\"https:\/\/neidanconsulting.com\/wp-content\/uploads\/2022\/01\/session-report-2020-09-15-1_Page_1-1024x724.jpg 1024w, https:\/\/neidanconsulting.com\/wp-content\/uploads\/2022\/01\/session-report-2020-09-15-1_Page_1-300x212.jpg 300w, https:\/\/neidanconsulting.com\/wp-content\/uploads\/2022\/01\/session-report-2020-09-15-1_Page_1-768x543.jpg 768w, https:\/\/neidanconsulting.com\/wp-content\/uploads\/2022\/01\/session-report-2020-09-15-1_Page_1-1536x1086.jpg 1536w, https:\/\/neidanconsulting.com\/wp-content\/uploads\/2022\/01\/session-report-2020-09-15-1_Page_1-2048x1448.jpg 2048w\" sizes=\"auto, (max-width: 1024px) 100vw, 1024px\" \/><\/figure>\n\n\n\n<p>Si toutes nos formations sont sur mesure nous intervenons dans cinq domaines : <\/p>\n\n\n\n<ul class=\"wp-block-list\">\n<li>La N\u00e9gociation commerciale,<\/li>\n\n\n\n<li>L\u2019Entretien commercial,<\/li>\n\n\n\n<li>L\u2019Entretien manag\u00e9rial,<\/li>\n\n\n\n<li>L\u2019Entretien de recrutement,<\/li>\n\n\n\n<li>La Communication,<\/li>\n\n\n\n<li>La Digitalisation (Sharepoint, CRM, Teams, IA&#8230;),<\/li>\n<\/ul>\n\n\n\n<p><\/p>\n\n\n\n<p><strong><mark style=\"background-color:rgba(0, 0, 0, 0)\" class=\"has-inline-color has-vivid-purple-color\">Neidan Consulting<\/mark><\/strong> met en place pour vous et avec vous des dispositifs innovants, en pr\u00e9sentiel et en distanciel.<\/p>\n\n\n\n<figure class=\"wp-block-gallery has-nested-images columns-default is-cropped wp-block-gallery-1 is-layout-flex wp-block-gallery-is-layout-flex\">\n<figure class=\"wp-block-image size-large\"><img loading=\"lazy\" decoding=\"async\" width=\"1024\" height=\"768\" data-id=\"66\" src=\"https:\/\/neidanconsulting.com\/wp-content\/uploads\/2021\/12\/82605325_105607440987569_213071450653851648_n-1024x768.jpg\" alt=\"\" class=\"wp-image-66\" srcset=\"https:\/\/neidanconsulting.com\/wp-content\/uploads\/2021\/12\/82605325_105607440987569_213071450653851648_n-1024x768.jpg 1024w, https:\/\/neidanconsulting.com\/wp-content\/uploads\/2021\/12\/82605325_105607440987569_213071450653851648_n-300x225.jpg 300w, https:\/\/neidanconsulting.com\/wp-content\/uploads\/2021\/12\/82605325_105607440987569_213071450653851648_n-768x576.jpg 768w, https:\/\/neidanconsulting.com\/wp-content\/uploads\/2021\/12\/82605325_105607440987569_213071450653851648_n.jpg 1536w\" sizes=\"auto, (max-width: 1024px) 100vw, 1024px\" \/><figcaption class=\"wp-element-caption\">Optimiser mon portefeuille clients<\/figcaption><\/figure>\n\n\n\n<figure class=\"wp-block-image size-large\"><img loading=\"lazy\" decoding=\"async\" width=\"1024\" height=\"768\" data-id=\"76\" src=\"https:\/\/neidanconsulting.com\/wp-content\/uploads\/2021\/12\/82342852_105610224320624_3608300143897477120_n-1024x768.jpg\" alt=\"\" class=\"wp-image-76\" srcset=\"https:\/\/neidanconsulting.com\/wp-content\/uploads\/2021\/12\/82342852_105610224320624_3608300143897477120_n-1024x768.jpg 1024w, https:\/\/neidanconsulting.com\/wp-content\/uploads\/2021\/12\/82342852_105610224320624_3608300143897477120_n-300x225.jpg 300w, https:\/\/neidanconsulting.com\/wp-content\/uploads\/2021\/12\/82342852_105610224320624_3608300143897477120_n-768x576.jpg 768w, https:\/\/neidanconsulting.com\/wp-content\/uploads\/2021\/12\/82342852_105610224320624_3608300143897477120_n.jpg 1536w\" sizes=\"auto, (max-width: 1024px) 100vw, 1024px\" \/><figcaption class=\"wp-element-caption\">Proposer des plans d&rsquo;action aux clients et prospects<\/figcaption><\/figure>\n\n\n\n<figure class=\"wp-block-image size-large\"><img loading=\"lazy\" decoding=\"async\" width=\"1024\" height=\"768\" data-id=\"77\" src=\"https:\/\/neidanconsulting.com\/wp-content\/uploads\/2021\/12\/82929350_105610294320617_2975751770157875200_n-1024x768.jpg\" alt=\"\" class=\"wp-image-77\" srcset=\"https:\/\/neidanconsulting.com\/wp-content\/uploads\/2021\/12\/82929350_105610294320617_2975751770157875200_n-1024x768.jpg 1024w, https:\/\/neidanconsulting.com\/wp-content\/uploads\/2021\/12\/82929350_105610294320617_2975751770157875200_n-300x225.jpg 300w, https:\/\/neidanconsulting.com\/wp-content\/uploads\/2021\/12\/82929350_105610294320617_2975751770157875200_n-768x576.jpg 768w, https:\/\/neidanconsulting.com\/wp-content\/uploads\/2021\/12\/82929350_105610294320617_2975751770157875200_n.jpg 1536w\" sizes=\"auto, (max-width: 1024px) 100vw, 1024px\" \/><figcaption class=\"wp-element-caption\">L&rsquo;entretien de prospection<\/figcaption><\/figure>\n\n\n\n<figure class=\"wp-block-image size-large\"><img loading=\"lazy\" decoding=\"async\" width=\"1024\" height=\"768\" data-id=\"99\" src=\"https:\/\/neidanconsulting.com\/wp-content\/uploads\/2021\/12\/82345238_105620220986291_2362573046088204288_n-1024x768.jpg\" alt=\"\" class=\"wp-image-99\" srcset=\"https:\/\/neidanconsulting.com\/wp-content\/uploads\/2021\/12\/82345238_105620220986291_2362573046088204288_n-1024x768.jpg 1024w, https:\/\/neidanconsulting.com\/wp-content\/uploads\/2021\/12\/82345238_105620220986291_2362573046088204288_n-300x225.jpg 300w, https:\/\/neidanconsulting.com\/wp-content\/uploads\/2021\/12\/82345238_105620220986291_2362573046088204288_n-768x576.jpg 768w, https:\/\/neidanconsulting.com\/wp-content\/uploads\/2021\/12\/82345238_105620220986291_2362573046088204288_n.jpg 1200w\" sizes=\"auto, (max-width: 1024px) 100vw, 1024px\" \/><figcaption class=\"wp-element-caption\">Int\u00e9grer Sales Force dans ma routine commerciale<\/figcaption><\/figure>\n\n\n\n<figure class=\"wp-block-image size-large\"><img loading=\"lazy\" decoding=\"async\" width=\"1000\" height=\"750\" data-id=\"153\" src=\"https:\/\/neidanconsulting.com\/wp-content\/uploads\/2021\/12\/82493376_105637547651225_249642100746878976_n.jpg\" alt=\"\" class=\"wp-image-153\" srcset=\"https:\/\/neidanconsulting.com\/wp-content\/uploads\/2021\/12\/82493376_105637547651225_249642100746878976_n.jpg 1000w, https:\/\/neidanconsulting.com\/wp-content\/uploads\/2021\/12\/82493376_105637547651225_249642100746878976_n-300x225.jpg 300w, https:\/\/neidanconsulting.com\/wp-content\/uploads\/2021\/12\/82493376_105637547651225_249642100746878976_n-768x576.jpg 768w\" sizes=\"auto, (max-width: 1000px) 100vw, 1000px\" \/><figcaption class=\"wp-element-caption\">L&rsquo;entretien commercial<\/figcaption><\/figure>\n\n\n\n<figure class=\"wp-block-image size-large\"><img loading=\"lazy\" decoding=\"async\" width=\"1024\" height=\"555\" data-id=\"192\" src=\"https:\/\/neidanconsulting.com\/wp-content\/uploads\/2021\/12\/243072537_439587917589518_9026827434787916390_n-1024x555.jpg\" alt=\"\" class=\"wp-image-192\" srcset=\"https:\/\/neidanconsulting.com\/wp-content\/uploads\/2021\/12\/243072537_439587917589518_9026827434787916390_n-1024x555.jpg 1024w, https:\/\/neidanconsulting.com\/wp-content\/uploads\/2021\/12\/243072537_439587917589518_9026827434787916390_n-300x163.jpg 300w, https:\/\/neidanconsulting.com\/wp-content\/uploads\/2021\/12\/243072537_439587917589518_9026827434787916390_n-768x416.jpg 768w, https:\/\/neidanconsulting.com\/wp-content\/uploads\/2021\/12\/243072537_439587917589518_9026827434787916390_n.jpg 1107w\" sizes=\"auto, (max-width: 1024px) 100vw, 1024px\" \/><figcaption class=\"wp-element-caption\">L&rsquo;entretien commercial<\/figcaption><\/figure>\n\n\n\n<figure class=\"wp-block-image size-large\"><img loading=\"lazy\" decoding=\"async\" width=\"1000\" height=\"672\" data-id=\"234\" src=\"https:\/\/neidanconsulting.com\/wp-content\/uploads\/2021\/12\/145316257_282420753306236_295990842048131944_n.jpg\" alt=\"\" class=\"wp-image-234\" srcset=\"https:\/\/neidanconsulting.com\/wp-content\/uploads\/2021\/12\/145316257_282420753306236_295990842048131944_n.jpg 1000w, https:\/\/neidanconsulting.com\/wp-content\/uploads\/2021\/12\/145316257_282420753306236_295990842048131944_n-300x202.jpg 300w, https:\/\/neidanconsulting.com\/wp-content\/uploads\/2021\/12\/145316257_282420753306236_295990842048131944_n-768x516.jpg 768w\" sizes=\"auto, (max-width: 1000px) 100vw, 1000px\" \/><figcaption class=\"wp-element-caption\">La visite m\u00e9dicale comment convaincre en 5 minutes<\/figcaption><\/figure>\n\n\n\n<figure class=\"wp-block-image size-large\"><img loading=\"lazy\" decoding=\"async\" width=\"900\" height=\"675\" data-id=\"353\" src=\"https:\/\/neidanconsulting.com\/wp-content\/uploads\/2021\/12\/87465262_130919971789649_3171249077924921344_n.jpg\" alt=\"\" class=\"wp-image-353\" srcset=\"https:\/\/neidanconsulting.com\/wp-content\/uploads\/2021\/12\/87465262_130919971789649_3171249077924921344_n.jpg 900w, https:\/\/neidanconsulting.com\/wp-content\/uploads\/2021\/12\/87465262_130919971789649_3171249077924921344_n-300x225.jpg 300w, https:\/\/neidanconsulting.com\/wp-content\/uploads\/2021\/12\/87465262_130919971789649_3171249077924921344_n-768x576.jpg 768w\" sizes=\"auto, (max-width: 900px) 100vw, 900px\" \/><figcaption class=\"wp-element-caption\">Proposer des plans d&rsquo;activit\u00e9 <\/figcaption><\/figure>\n\n\n\n<figure class=\"wp-block-image size-large\"><img loading=\"lazy\" decoding=\"async\" width=\"1024\" height=\"768\" data-id=\"433\" src=\"https:\/\/neidanconsulting.com\/wp-content\/uploads\/2021\/12\/IMG_20200702_112828-1024x768.jpg\" alt=\"\" class=\"wp-image-433\" srcset=\"https:\/\/neidanconsulting.com\/wp-content\/uploads\/2021\/12\/IMG_20200702_112828-1024x768.jpg 1024w, https:\/\/neidanconsulting.com\/wp-content\/uploads\/2021\/12\/IMG_20200702_112828-300x225.jpg 300w, https:\/\/neidanconsulting.com\/wp-content\/uploads\/2021\/12\/IMG_20200702_112828-768x576.jpg 768w, https:\/\/neidanconsulting.com\/wp-content\/uploads\/2021\/12\/IMG_20200702_112828-1536x1152.jpg 1536w, https:\/\/neidanconsulting.com\/wp-content\/uploads\/2021\/12\/IMG_20200702_112828-2048x1536.jpg 2048w\" sizes=\"auto, (max-width: 1024px) 100vw, 1024px\" \/><figcaption class=\"wp-element-caption\">La prospection par t\u00e9l\u00e9phone<\/figcaption><\/figure>\n\n\n\n<figure class=\"wp-block-image size-large\"><img loading=\"lazy\" decoding=\"async\" width=\"900\" height=\"506\" data-id=\"271\" src=\"https:\/\/neidanconsulting.com\/wp-content\/uploads\/2021\/12\/136517533_266014398280205_4040492153735927661_n.jpg\" alt=\"\" class=\"wp-image-271\" srcset=\"https:\/\/neidanconsulting.com\/wp-content\/uploads\/2021\/12\/136517533_266014398280205_4040492153735927661_n.jpg 900w, https:\/\/neidanconsulting.com\/wp-content\/uploads\/2021\/12\/136517533_266014398280205_4040492153735927661_n-300x169.jpg 300w, https:\/\/neidanconsulting.com\/wp-content\/uploads\/2021\/12\/136517533_266014398280205_4040492153735927661_n-768x432.jpg 768w\" sizes=\"auto, (max-width: 900px) 100vw, 900px\" \/><figcaption class=\"wp-element-caption\">La d\u00e9couverte client<\/figcaption><\/figure>\n\n\n\n<figure class=\"wp-block-image size-large\"><img loading=\"lazy\" decoding=\"async\" width=\"1024\" height=\"576\" data-id=\"204\" src=\"https:\/\/neidanconsulting.com\/wp-content\/uploads\/2021\/12\/196243612_365232198358424_5984106814400305763_n-1024x576.jpg\" alt=\"\" class=\"wp-image-204\" srcset=\"https:\/\/neidanconsulting.com\/wp-content\/uploads\/2021\/12\/196243612_365232198358424_5984106814400305763_n-1024x576.jpg 1024w, https:\/\/neidanconsulting.com\/wp-content\/uploads\/2021\/12\/196243612_365232198358424_5984106814400305763_n-300x169.jpg 300w, https:\/\/neidanconsulting.com\/wp-content\/uploads\/2021\/12\/196243612_365232198358424_5984106814400305763_n-768x432.jpg 768w, https:\/\/neidanconsulting.com\/wp-content\/uploads\/2021\/12\/196243612_365232198358424_5984106814400305763_n.jpg 1067w\" sizes=\"auto, (max-width: 1024px) 100vw, 1024px\" \/><figcaption class=\"wp-element-caption\">La m\u00e9thode ABC<\/figcaption><\/figure>\n\n\n\n<figure class=\"wp-block-image size-large\"><img loading=\"lazy\" decoding=\"async\" width=\"1024\" height=\"551\" data-id=\"189\" src=\"https:\/\/neidanconsulting.com\/wp-content\/uploads\/2021\/12\/243300373_439595597588750_6133508625208618713_n-1024x551.jpg\" alt=\"\" class=\"wp-image-189\" srcset=\"https:\/\/neidanconsulting.com\/wp-content\/uploads\/2021\/12\/243300373_439595597588750_6133508625208618713_n-1024x551.jpg 1024w, https:\/\/neidanconsulting.com\/wp-content\/uploads\/2021\/12\/243300373_439595597588750_6133508625208618713_n-300x161.jpg 300w, https:\/\/neidanconsulting.com\/wp-content\/uploads\/2021\/12\/243300373_439595597588750_6133508625208618713_n-768x413.jpg 768w, https:\/\/neidanconsulting.com\/wp-content\/uploads\/2021\/12\/243300373_439595597588750_6133508625208618713_n.jpg 1116w\" sizes=\"auto, (max-width: 1024px) 100vw, 1024px\" \/><figcaption class=\"wp-element-caption\">L&rsquo;entretien commercial<\/figcaption><\/figure>\n<\/figure>\n\n\n\n<p><\/p>\n\n\n\n<p><\/p>\n\n\n\n<h2 class=\"wp-block-heading\" id=\"des-questions\">Des Questions ?<\/h2>\n\n\n\n<p>Vous souhaitez plus de d\u00e9tails avant de passer \u00e0 l\u2019action ?<\/p>\n\n\n\n<p>Trois possibilit\u00e9s de nous contacter :<\/p>\n\n\n\n<ul class=\"wp-block-list\">\n<li>Par t\u00e9l\u00e9phone au +33 (0)9 67 42 05 56<\/li>\n\n\n\n<li>Planifier une r\u00e9union en ligne (sous MS TEAMS) en utilisant <a rel=\"noreferrer noopener\" href=\"https:\/\/outlook.office365.com\/owa\/calendar\/NeidanConsultingCalendrierdisponibilits@neidanconsultingcom.onmicrosoft.com\/bookings\/\" data-type=\"URL\" data-id=\"https:\/\/outlook.office365.com\/owa\/calendar\/NeidanConsultingCalendrierdisponibilits@neidanconsultingcom.onmicrosoft.com\/bookings\/\" target=\"_blank\"><strong><mark style=\"background-color:rgba(0, 0, 0, 0)\" class=\"has-inline-color has-vivid-purple-color\">notre outil de r\u00e9servation en ligne en cliquant ici<\/mark><\/strong><\/a> <\/li>\n\n\n\n<li>A l&rsquo;aide de notre<mark style=\"background-color:rgba(0, 0, 0, 0)\" class=\"has-inline-color has-vivid-purple-color\"> notre formulaire en <a href=\"https:\/\/neidanconsulting.com\/index.php\/376-2\/\" data-type=\"URL\" data-id=\"https:\/\/neidanconsulting.com\/index.php\/376-2\/\">cliquant ici<\/a><\/mark>.<\/li>\n<\/ul>\n\n\n\n<p><mark style=\"background-color:rgba(0, 0, 0, 0)\" class=\"has-inline-color has-vivid-purple-color\">courriel<\/mark> : <a href=\"mailto:neidan@orange.fr\">neidan@outlook.fr<\/a><\/p>\n","protected":false},"excerpt":{"rendered":"<p>Des solutions formations sur mesure pour am\u00e9liorer votre performance Neidan Consulting vous accompagne tout au long de votre projet, de [&hellip;]<\/p>\n","protected":false},"author":1,"featured_media":435,"parent":44,"menu_order":0,"comment_status":"closed","ping_status":"closed","template":"","meta":{"_vp_format_video_url":"","_vp_image_focal_point":[],"footnotes":""},"class_list":["post-730","page","type-page","status-publish","has-post-thumbnail","hentry"],"_links":{"self":[{"href":"https:\/\/neidanconsulting.com\/index.php\/wp-json\/wp\/v2\/pages\/730","targetHints":{"allow":["GET"]}}],"collection":[{"href":"https:\/\/neidanconsulting.com\/index.php\/wp-json\/wp\/v2\/pages"}],"about":[{"href":"https:\/\/neidanconsulting.com\/index.php\/wp-json\/wp\/v2\/types\/page"}],"author":[{"embeddable":true,"href":"https:\/\/neidanconsulting.com\/index.php\/wp-json\/wp\/v2\/users\/1"}],"replies":[{"embeddable":true,"href":"https:\/\/neidanconsulting.com\/index.php\/wp-json\/wp\/v2\/comments?post=730"}],"version-history":[{"count":18,"href":"https:\/\/neidanconsulting.com\/index.php\/wp-json\/wp\/v2\/pages\/730\/revisions"}],"predecessor-version":[{"id":2065,"href":"https:\/\/neidanconsulting.com\/index.php\/wp-json\/wp\/v2\/pages\/730\/revisions\/2065"}],"up":[{"embeddable":true,"href":"https:\/\/neidanconsulting.com\/index.php\/wp-json\/wp\/v2\/pages\/44"}],"wp:featuredmedia":[{"embeddable":true,"href":"https:\/\/neidanconsulting.com\/index.php\/wp-json\/wp\/v2\/media\/435"}],"wp:attachment":[{"href":"https:\/\/neidanconsulting.com\/index.php\/wp-json\/wp\/v2\/media?parent=730"}],"curies":[{"name":"wp","href":"https:\/\/api.w.org\/{rel}","templated":true}]}}