{"id":549,"date":"2022-01-07T12:37:22","date_gmt":"2022-01-07T11:37:22","guid":{"rendered":"http:\/\/neidanconsulting.com\/?page_id=549"},"modified":"2026-04-26T12:23:17","modified_gmt":"2026-04-26T10:23:17","slug":"accueil-neidan-consulting","status":"publish","type":"page","link":"https:\/\/neidanconsulting.com\/","title":{"rendered":""},"content":{"rendered":"\n<h3 class=\"wp-block-heading\" id=\"la-formation-se-doit-de-creer-les-meilleures-conditions-pour-que-chacun-puisse-se-connaitre-evoluer-et-fonctionner-de-maniere-harmonieuse-et-efficace-dans-l-entreprise\">La formation se doit de cr\u00e9er les meilleures conditions pour que chacun puisse <mark style=\"background-color:rgba(0, 0, 0, 0)\" class=\"has-inline-color has-vivid-purple-color\">&lt;se&gt; conna\u00eetre<\/mark>, \u00e9voluer et fonctionner de mani\u00e8re harmonieuse et efficace dans l\u2019entreprise.<\/h3>\n\n\n\n<p><\/p>\n\n\n\n<p><strong><mark style=\"background-color:rgba(0, 0, 0, 0)\" class=\"has-inline-color has-vivid-purple-color\">NEIDAN CONSULTING<\/mark><\/strong> facilite &amp; acc\u00e9l\u00e8re la mont\u00e9e en comp\u00e9tence de vos \u00e9quipes commerciales et manag\u00e9riales. Elle se caract\u00e9rise par\u00a0:<\/p>\n\n\n\n<ul class=\"wp-block-list\">\n<li>La ma\u00eetrise des techniques de communication (orale, \u00e9crite et audiovisuelle) <\/li>\n\n\n\n<li>La pratique des m\u00e9thodologies de coaching et d\u2019accompagnement du changement <\/li>\n\n\n\n<li>La connaissance op\u00e9rationnelle du fonctionnement des entreprises<\/li>\n<\/ul>\n\n\n\n<p><\/p>\n\n\n\n<figure class=\"wp-block-image size-full is-resized is-style-rounded\"><img loading=\"lazy\" decoding=\"async\" width=\"900\" height=\"506\" src=\"https:\/\/neidanconsulting.com\/wp-content\/uploads\/2021\/12\/2021-12-15-4.jpg\" alt=\"\" class=\"wp-image-274\" style=\"width:900px;height:506px\" srcset=\"https:\/\/neidanconsulting.com\/wp-content\/uploads\/2021\/12\/2021-12-15-4.jpg 900w, https:\/\/neidanconsulting.com\/wp-content\/uploads\/2021\/12\/2021-12-15-4-300x169.jpg 300w, https:\/\/neidanconsulting.com\/wp-content\/uploads\/2021\/12\/2021-12-15-4-768x432.jpg 768w\" sizes=\"auto, (max-width: 900px) 100vw, 900px\" \/><\/figure>\n\n\n\n<p><\/p>\n\n\n\n<p>Retrouvez notre actualit\u00e9 :<\/p>\n\n\n<ul class=\"wp-block-latest-posts__list wp-block-latest-posts\"><li><a class=\"wp-block-latest-posts__post-title\" href=\"https:\/\/neidanconsulting.com\/index.php\/2026\/04\/21\/ia-vente-consultative-un-sujet-de-gouvernance-pas-de-gadget-commercial\/\">IA &amp; vente consultative : un sujet de gouvernance, pas de gadget commercial.<\/a><\/li>\n<li><a class=\"wp-block-latest-posts__post-title\" href=\"https:\/\/neidanconsulting.com\/index.php\/2026\/04\/07\/methode-abc-quand-la-data-transforme-le-pilotage-du-portefeuille-clients\/\">M\u00e9thode ABC : quand la data transforme le pilotage du portefeuille clients !<\/a><\/li>\n<li><a class=\"wp-block-latest-posts__post-title\" href=\"https:\/\/neidanconsulting.com\/index.php\/2026\/04\/02\/de-la-structuration-de-linformation-a-loptimisation-de-lia\/\">De la Structuration de l\u2019information \u00e0 l&rsquo;optimisation de l&rsquo;IA<\/a><\/li>\n<li><a class=\"wp-block-latest-posts__post-title\" href=\"https:\/\/neidanconsulting.com\/index.php\/2026\/03\/26\/lecon-collective-dune-equipe-soudee\/\">Le\u00e7on collective d&rsquo;une \u00e9quipe soud\u00e9e<\/a><\/li>\n<li><a class=\"wp-block-latest-posts__post-title\" href=\"https:\/\/neidanconsulting.com\/index.php\/2026\/03\/25\/le-talent-gardois-en-mouvement\/\">Le Talent Gardois en Mouvement<\/a><\/li>\n<\/ul>\n\n\n<h2 class=\"wp-block-heading\" id=\"des-questions\">Des Questions ?<\/h2>\n\n\n\n<p>Vous souhaitez plus de d\u00e9tails avant de passer \u00e0 l\u2019action ?<\/p>\n\n\n\n<p>Trois possibilit\u00e9s pour nous contacter :<\/p>\n\n\n\n<ul class=\"wp-block-list\">\n<li>Par t\u00e9l\u00e9phone au <strong>+33 (0) 4 12 39 48 71<\/strong><\/li>\n\n\n\n<li>Planifier une r\u00e9union en ligne (sous MS TEAMS) en utilisant <a rel=\"noreferrer noopener\" href=\"https:\/\/outlook.office365.com\/owa\/calendar\/NeidanConsultingCalendrierdisponibilits@neidanconsultingcom.onmicrosoft.com\/bookings\/\" data-type=\"URL\" data-id=\"https:\/\/outlook.office365.com\/owa\/calendar\/NeidanConsultingCalendrierdisponibilits@neidanconsultingcom.onmicrosoft.com\/bookings\/\" target=\"_blank\"><strong><mark style=\"background-color:rgba(0, 0, 0, 0)\" class=\"has-inline-color has-vivid-purple-color\">notre outil de r\u00e9servation en ligne en cliquant ici<\/mark><\/strong><\/a> <\/li>\n\n\n\n<li>A l&rsquo;aide de notre<mark style=\"background-color:rgba(0, 0, 0, 0)\" class=\"has-inline-color has-vivid-purple-color\"> notre formulaire en <a href=\"https:\/\/neidanconsulting.com\/index.php\/376-2\/\" data-type=\"URL\" data-id=\"https:\/\/neidanconsulting.com\/index.php\/376-2\/\">cliquant ici<\/a><\/mark>.<\/li>\n<\/ul>\n\n\n\n<p><\/p>\n","protected":false},"excerpt":{"rendered":"<p>La formation se doit de cr\u00e9er les meilleures conditions pour que chacun puisse &lt;se&gt; conna\u00eetre, \u00e9voluer et fonctionner de mani\u00e8re [&hellip;]<\/p>\n","protected":false},"author":1,"featured_media":0,"parent":0,"menu_order":0,"comment_status":"closed","ping_status":"closed","template":"","meta":{"_vp_format_video_url":"","_vp_image_focal_point":[],"footnotes":""},"class_list":["post-549","page","type-page","status-publish","hentry"],"_links":{"self":[{"href":"https:\/\/neidanconsulting.com\/index.php\/wp-json\/wp\/v2\/pages\/549","targetHints":{"allow":["GET"]}}],"collection":[{"href":"https:\/\/neidanconsulting.com\/index.php\/wp-json\/wp\/v2\/pages"}],"about":[{"href":"https:\/\/neidanconsulting.com\/index.php\/wp-json\/wp\/v2\/types\/page"}],"author":[{"embeddable":true,"href":"https:\/\/neidanconsulting.com\/index.php\/wp-json\/wp\/v2\/users\/1"}],"replies":[{"embeddable":true,"href":"https:\/\/neidanconsulting.com\/index.php\/wp-json\/wp\/v2\/comments?post=549"}],"version-history":[{"count":43,"href":"https:\/\/neidanconsulting.com\/index.php\/wp-json\/wp\/v2\/pages\/549\/revisions"}],"predecessor-version":[{"id":2104,"href":"https:\/\/neidanconsulting.com\/index.php\/wp-json\/wp\/v2\/pages\/549\/revisions\/2104"}],"wp:attachment":[{"href":"https:\/\/neidanconsulting.com\/index.php\/wp-json\/wp\/v2\/media?parent=549"}],"curies":[{"name":"wp","href":"https:\/\/api.w.org\/{rel}","templated":true}]}}