{"id":54,"date":"2021-12-14T11:35:41","date_gmt":"2021-12-14T10:35:41","guid":{"rendered":"http:\/\/neidanconsulting.com\/?page_id=54"},"modified":"2022-10-18T09:45:39","modified_gmt":"2022-10-18T07:45:39","slug":"neidan-consulting","status":"publish","type":"page","link":"https:\/\/neidanconsulting.com\/index.php\/neidan-consulting\/","title":{"rendered":"NEIDAN CONSULTING"},"content":{"rendered":"\n<p><\/p>\n\n\n\n<figure class=\"wp-block-table\"><table><tbody><tr><td><div class=\"tmm tmm_neidan\"><div class=\"tmm_2_columns tmm_wrap tmm_plugin_f\"><span class=\"tmm_two_containers_tablet\"><\/span><div class=\"tmm_container\"><div class=\"tmm_member\" style=\"border-top:#993366 solid 5px;\"><div class=\"tmm_photo tmm_pic_neidan_0\" style=\"background: url(https:\/\/neidanconsulting.com\/wp-content\/uploads\/2022\/10\/MG_3571.jpg); margin-left: auto; margin-right:auto; background-size:cover !important;\"><\/div><div class=\"tmm_textblock\"><div class=\"tmm_names\"><span class=\"tmm_fname\">Sylvain<\/span> <span class=\"tmm_lname\">ESPANA<\/span><\/div><div class=\"tmm_job\">Consultant\/Formateur<\/div><div class=\"tmm_desc\" style=\"text-align:\"><p>Apr\u00e8s un <strong>BTS Actions commerciales<\/strong> et dipl\u00f4m\u00e9 de<strong>\u00a0Paris X Nanterre<\/strong>\u00a0en Ma\u00eetrise Sciences de Gestion \u00ab\u00a0<strong>MSG<\/strong>\u00a0\u00bb, commence sa carri\u00e8re dans la grande distribution pour le groupe<strong>\u00a0Monoprix<\/strong>. En 2001 il rejoint la soci\u00e9t\u00e9\u00a0<strong>OPTIDEV<\/strong>, apr\u00e8s des fonctions commerciales et de chef de projets dans les nouvelles technologies, en 2016 Il d\u00e9cide de cr\u00e9er\u00a0<strong>NEIDAN CONSULTING<\/strong>.<\/p><p>Sylvain s\u2019est sp\u00e9cialis\u00e9 dans les domaines de l\u2019<strong>efficacit\u00e9 commerciale<\/strong>, du\u00a0<strong>d\u00e9veloppement du leadership<\/strong>\u00a0et de l\u2019<strong>efficacit\u00e9 des \u00e9quipes<\/strong>\u00a0<strong>commerciales<\/strong>. Il aide des managers, des commerciaux et des \u00e9quipes \u00e0 d\u00e9velopper leurs qualit\u00e9s relationnelles et leur efficacit\u00e9 professionnelle.<\/p><p>Sylvain est appr\u00e9ci\u00e9 pour son dynamisme, son enthousiasme et assume son attitude exigeante mais toujours bienveillante pour faire progresser chaque participant. Son exp\u00e9rience de la strat\u00e9gie d\u2019entreprise associ\u00e9e \u00e0 ses qualit\u00e9s de facilitateur et d\u2019animation de groupe lui conf\u00e8rent une grande capacit\u00e9 d\u2019adaptation quel que soit le public.<\/p><\/div><div class=\"tmm_scblock\"><a target=\"_blank\" class=\"tmm_sociallink\" href=\"https:\/\/www.linkedin.com\/in\/sylvain-sabate-espana-89269166\/\" title=\"Linkedin\"><img decoding=\"async\" alt=\"Linkedin\" src=\"https:\/\/neidanconsulting.com\/wp-content\/plugins\/team-members\/inc\/img\/links\/linkedin.png\"\/><\/a><\/div><\/div><\/div><div class=\"tmm_member\" style=\"border-top:#993366 solid 5px;\"><div class=\"tmm_photo tmm_pic_neidan_1\" style=\"background: url(https:\/\/neidanconsulting.com\/wp-content\/uploads\/2022\/10\/MG_3557.jpg); margin-left: auto; margin-right:auto; background-size:cover !important;\"><\/div><div class=\"tmm_textblock\"><div class=\"tmm_names\"><span class=\"tmm_fname\">Isabelle<\/span> <span class=\"tmm_lname\">CESAR<\/span><\/div><div class=\"tmm_job\">VP International Development<\/div><div class=\"tmm_desc\" style=\"text-align:\"><p>Dipl\u00f4m\u00e9 de <strong>Paris X et quadrilingue<\/strong>, Isabelle m\u00e8ne durant 20 ans une carri\u00e8re qui d\u00e9bute tout d'abord dans le secteur de l\u2019automobile \u00e0 un poste de responsable de vente export pour se poursuivre chez <strong>Bossard Consulting<\/strong> puis successivement dans plusieurs filiales conseil du groupe <strong>BBDO (Omnicom)<\/strong>.<\/p><p>Isabelle rejoint ensuite <strong>Neidan Consulting<\/strong>, mettant \u00e0 profit son expertise de consultante et formatrice en <strong>efficacit\u00e9 commerciale (SFE)<\/strong> ainsi que celle de sp\u00e9cialiste de la conduite de changement et de la gestion de projets internationaux.<\/p><p>Isabelle a en charge le P\u00f4le \u00ab\u00a0 <strong>Efficacit\u00e9 des op\u00e9rations commerciales<\/strong> \u00bb.<\/p><\/div><div class=\"tmm_scblock\"><a target=\"_blank\" class=\"tmm_sociallink\" href=\"https:\/\/www.linkedin.com\/in\/isabelle-espana-7ba87865\/\" title=\"Linkedin\"><img decoding=\"async\" alt=\"Linkedin\" src=\"https:\/\/neidanconsulting.com\/wp-content\/plugins\/team-members\/inc\/img\/links\/linkedin.png\"\/><\/a><\/div><\/div><\/div><span class=\"tmm_two_containers_tablet\"><\/span><\/div><span class=\"tmm_columns_containers_desktop\"><\/span><div class=\"tmm_container\"><div class=\"tmm_member\" style=\"border-top:#993366 solid 5px;\"><div class=\"tmm_photo tmm_pic_neidan_2\" style=\"background: url(https:\/\/neidanconsulting.com\/wp-content\/uploads\/2022\/10\/1725281794267.jpg); margin-left: auto; margin-right:auto; background-size:cover !important;\"><\/div><div class=\"tmm_textblock\"><div class=\"tmm_names\"><span class=\"tmm_fname\">Ugo<\/span> <span class=\"tmm_lname\">CUGLIETTA<\/span><\/div><div class=\"tmm_job\">Commercial<\/div><div class=\"tmm_desc\" style=\"text-align:\"><p>\u00c9tudiant \u00e0 l'EGC de N\u00eemes, Ugo a en charge d'une partie du d\u00e9veloppement commercial\u00a0<\/p><\/div><div class=\"tmm_scblock\"><a target=\"_blank\" class=\"tmm_sociallink\" href=\"https:\/\/www.linkedin.com\/in\/ugo-cuglietta-a65416326\/\" title=\"Linkedin\"><img decoding=\"async\" alt=\"Linkedin\" src=\"https:\/\/neidanconsulting.com\/wp-content\/plugins\/team-members\/inc\/img\/links\/linkedin.png\"\/><\/a><\/div><\/div><\/div><div class=\"tmm_member\" style=\"border-top:#993366 solid 5px;\"><div class=\"tmm_photo tmm_pic_neidan_3\" style=\"background: url(https:\/\/neidanconsulting.com\/wp-content\/uploads\/2025\/12\/chiara2.png); margin-left: auto; margin-right:auto; background-size:cover !important;\"><\/div><div class=\"tmm_textblock\"><div class=\"tmm_names\"><span class=\"tmm_fname\">Chiara<\/span> <span class=\"tmm_lname\">DEI<\/span><\/div><div class=\"tmm_job\">Service marketing \u2013 Attach\u00e9e commerciale<\/div><div class=\"tmm_desc\" style=\"text-align:\"><p>Alternante d\u2019un Bachelor Marketing et Communication<\/p><\/div><div class=\"tmm_scblock\"><a target=\"_blank\" class=\"tmm_sociallink\" href=\"https:\/\/www.linkedin.com\/in\/chiara-dei-aa46a9327\/\" title=\"Linkedin\"><img decoding=\"async\" alt=\"Linkedin\" src=\"https:\/\/neidanconsulting.com\/wp-content\/plugins\/team-members\/inc\/img\/links\/linkedin.png\"\/><\/a><\/div><\/div><\/div><div style=\"clear:both;\"><\/div><\/div><\/div><\/div><\/td><\/tr><\/tbody><tfoot><tr><td><\/td><\/tr><\/tfoot><\/table><\/figure>\n\n\n\n<p><\/p>\n\n\n\n<p><mark style=\"background-color:rgba(0, 0, 0, 0)\" class=\"has-inline-color has-vivid-purple-color\"><strong>Neidan Consulting<\/strong><\/mark><br>1 Grand Rue 30320 Bezouce<br>T\u00e9l : 09 67 42 05 56<\/p>\n\n\n\n<p><\/p>\n\n\n\n<p>RCS N\u00eemes 823 566 443 000029<br>CODE APE : 7022Z<br>NDA : 76300480530<\/p>\n\n\n\n<p><\/p>\n\n\n\n<h2 class=\"wp-block-heading\" id=\"des-questions\">Des Questions ?<\/h2>\n\n\n\n<p>Vous souhaitez plus de d\u00e9tails avant de passer \u00e0 l\u2019action ?<\/p>\n\n\n\n<p>Trois possibilit\u00e9s de nous contacter :<\/p>\n\n\n\n<ul class=\"wp-block-list\"><li>Par t\u00e9l\u00e9phone au +33 (0)9 67 42 05 56<\/li><li>Planifier une r\u00e9union en ligne (sous MS TEAMS) en utilisant <a rel=\"noreferrer noopener\" href=\"https:\/\/outlook.office365.com\/owa\/calendar\/NeidanConsultingCalendrierdisponibilits@neidanconsultingcom.onmicrosoft.com\/bookings\/\" data-type=\"URL\" data-id=\"https:\/\/outlook.office365.com\/owa\/calendar\/NeidanConsultingCalendrierdisponibilits@neidanconsultingcom.onmicrosoft.com\/bookings\/\" target=\"_blank\"><strong><mark style=\"background-color:rgba(0, 0, 0, 0)\" class=\"has-inline-color has-vivid-purple-color\">notre outil de r\u00e9servation en ligne en cliquant ici<\/mark><\/strong><\/a> <\/li><li>A l&rsquo;aide de notre<mark style=\"background-color:rgba(0, 0, 0, 0)\" class=\"has-inline-color has-vivid-purple-color\"> notre formulaire en <a href=\"https:\/\/neidanconsulting.com\/index.php\/376-2\/\" data-type=\"URL\" data-id=\"https:\/\/neidanconsulting.com\/index.php\/376-2\/\">cliquant ici<\/a><\/mark>.<\/li><\/ul>\n\n\n\n<p><\/p>\n","protected":false},"excerpt":{"rendered":"<p>Neidan Consulting1 Grand Rue 30320 BezouceT\u00e9l : 09 67 42 05 56 RCS N\u00eemes 823 566 443 000029CODE APE : [&hellip;]<\/p>\n","protected":false},"author":1,"featured_media":579,"parent":0,"menu_order":0,"comment_status":"closed","ping_status":"closed","template":"","meta":{"_vp_format_video_url":"","_vp_image_focal_point":[],"footnotes":""},"class_list":["post-54","page","type-page","status-publish","has-post-thumbnail","hentry"],"_links":{"self":[{"href":"https:\/\/neidanconsulting.com\/index.php\/wp-json\/wp\/v2\/pages\/54","targetHints":{"allow":["GET"]}}],"collection":[{"href":"https:\/\/neidanconsulting.com\/index.php\/wp-json\/wp\/v2\/pages"}],"about":[{"href":"https:\/\/neidanconsulting.com\/index.php\/wp-json\/wp\/v2\/types\/page"}],"author":[{"embeddable":true,"href":"https:\/\/neidanconsulting.com\/index.php\/wp-json\/wp\/v2\/users\/1"}],"replies":[{"embeddable":true,"href":"https:\/\/neidanconsulting.com\/index.php\/wp-json\/wp\/v2\/comments?post=54"}],"version-history":[{"count":19,"href":"https:\/\/neidanconsulting.com\/index.php\/wp-json\/wp\/v2\/pages\/54\/revisions"}],"predecessor-version":[{"id":1119,"href":"https:\/\/neidanconsulting.com\/index.php\/wp-json\/wp\/v2\/pages\/54\/revisions\/1119"}],"wp:featuredmedia":[{"embeddable":true,"href":"https:\/\/neidanconsulting.com\/index.php\/wp-json\/wp\/v2\/media\/579"}],"wp:attachment":[{"href":"https:\/\/neidanconsulting.com\/index.php\/wp-json\/wp\/v2\/media?parent=54"}],"curies":[{"name":"wp","href":"https:\/\/api.w.org\/{rel}","templated":true}]}}